{"id":135,"date":"2021-03-18T15:16:03","date_gmt":"2021-03-18T14:16:03","guid":{"rendered":"https:\/\/www.trendyhouse193.com\/?page_id=135"},"modified":"2021-03-20T10:41:17","modified_gmt":"2021-03-20T09:41:17","slug":"impresszum","status":"publish","type":"page","link":"https:\/\/www.trendyhouse193.com\/?page_id=135","title":{"rendered":"Impresszum"},"content":{"rendered":"\n<h2 class=\"wp-block-heading\">Impresszum<\/h2>\n\n\n<p>A tulajdonos neve: Csik\u00f3s Lajos<br \/>A tulajdonos ad\u00f3sz\u00e1ma: 56735114-1-32<br \/>K\u00f6z\u00f6ss\u00e9gi ad\u00f3sz\u00e1m: HU56735114<br \/>A sz\u00e1ll\u00e1shely neve: Trendy House 193<br \/>Tev\u00e9kenys\u00e9g: mag\u00e1n sz\u00e1ll\u00e1shely szolg\u00e1ltat\u00e1s<br \/>TE\u00c1OR k\u00f3d: 5520 egy\u00e9b sz\u00e1ll\u00e1shely<br \/>Nyilv\u00e1ntart\u00e1si sz\u00e1m: 2\/2020<br \/>Iktat\u00f3sz\u00e1m: MN \/ 1243 \u2013 2\/2020<br \/>NATAG: EG20018350<br \/>A sz\u00e1ll\u00e1shely sz\u00e9khelye: 3142 M\u00e1traszele, Kossuth \u00fat 32\/A<br \/>A sz\u00e1ll\u00e1shely levelez\u00e9si c\u00edme: Csik\u00f3s Lajos, 3142 M\u00e1traszele, Kossuth \u00fat 32\/A<br \/>A sz\u00e1ll\u00e1shely C\u00edme (Telephelye): Trendy House 193, 3143 M\u00e1tranov\u00e1k, D\u00f3zsa Gy\u00f6rgy \u00fat 193<br \/>Banksz\u00e1mla sz\u00e1m:<br \/>Csik\u00f3s Lajos<br \/>11773418-00851404<br \/>OTP Bank<\/p>","protected":false},"excerpt":{"rendered":"<p>Impresszum A tulajdonos neve: Csik\u00f3s LajosA tulajdonos ad\u00f3sz\u00e1ma: 56735114-1-32K\u00f6z\u00f6ss\u00e9gi ad\u00f3sz\u00e1m: HU56735114A sz\u00e1ll\u00e1shely neve: Trendy House 193Tev\u00e9kenys\u00e9g: mag\u00e1n sz\u00e1ll\u00e1shely szolg\u00e1ltat\u00e1sTE\u00c1OR k\u00f3d: 5520 egy\u00e9b sz\u00e1ll\u00e1shelyNyilv\u00e1ntart\u00e1si sz\u00e1m: 2\/2020Iktat\u00f3sz\u00e1m: MN \/ 1243 \u2013 2\/2020NATAG: EG20018350A sz\u00e1ll\u00e1shely sz\u00e9khelye: 3142 M\u00e1traszele, Kossuth \u00fat 32\/AA sz\u00e1ll\u00e1shely levelez\u00e9si c\u00edme: Csik\u00f3s Lajos, 3142 M\u00e1traszele, Kossuth \u00fat 32\/AA sz\u00e1ll\u00e1shely C\u00edme (Telephelye): Trendy House 193, 3143&hellip; <a class=\"more-link\" href=\"https:\/\/www.trendyhouse193.com\/?page_id=135\"><span class=\"screen-reader-text\">Impresszum<\/span> olvas\u00e1s\u00e1nak folytat\u00e1sa<\/a><\/p>\n","protected":false},"author":1,"featured_media":0,"parent":0,"menu_order":0,"comment_status":"closed","ping_status":"closed","template":"","meta":{"footnotes":""},"class_list":["post-135","page","type-page","status-publish","hentry","entry"],"jetpack_sharing_enabled":true,"_links":{"self":[{"href":"https:\/\/www.trendyhouse193.com\/index.php?rest_route=\/wp\/v2\/pages\/135","targetHints":{"allow":["GET"]}}],"collection":[{"href":"https:\/\/www.trendyhouse193.com\/index.php?rest_route=\/wp\/v2\/pages"}],"about":[{"href":"https:\/\/www.trendyhouse193.com\/index.php?rest_route=\/wp\/v2\/types\/page"}],"author":[{"embeddable":true,"href":"https:\/\/www.trendyhouse193.com\/index.php?rest_route=\/wp\/v2\/users\/1"}],"replies":[{"embeddable":true,"href":"https:\/\/www.trendyhouse193.com\/index.php?rest_route=%2Fwp%2Fv2%2Fcomments&post=135"}],"version-history":[{"count":14,"href":"https:\/\/www.trendyhouse193.com\/index.php?rest_route=\/wp\/v2\/pages\/135\/revisions"}],"predecessor-version":[{"id":188,"href":"https:\/\/www.trendyhouse193.com\/index.php?rest_route=\/wp\/v2\/pages\/135\/revisions\/188"}],"wp:attachment":[{"href":"https:\/\/www.trendyhouse193.com\/index.php?rest_route=%2Fwp%2Fv2%2Fmedia&parent=135"}],"curies":[{"name":"wp","href":"https:\/\/api.w.org\/{rel}","templated":true}]}}